{"id":157,"date":"2024-01-19T14:59:20","date_gmt":"2024-01-19T14:59:20","guid":{"rendered":"https:\/\/prof-baumann.de\/?page_id=157"},"modified":"2024-01-22T13:25:36","modified_gmt":"2024-01-22T13:25:36","slug":"aktuelles","status":"publish","type":"page","link":"https:\/\/prof-baumann.de\/index.php\/aktuelles\/","title":{"rendered":"Aktuelles"},"content":{"rendered":"\t\t<div data-elementor-type=\"wp-page\" data-elementor-id=\"157\" class=\"elementor elementor-157\">\n\t\t\t\t<div class=\"elementor-element elementor-element-8af5052 e-flex e-con-boxed wpr-particle-no wpr-jarallax-no wpr-parallax-no wpr-sticky-section-no e-con e-parent\" data-id=\"8af5052\" data-element_type=\"container\" data-e-type=\"container\">\n\t\t\t\t\t<div class=\"e-con-inner\">\n\t\t\t\t<div class=\"elementor-element elementor-element-777ba1e elementor-widget elementor-widget-image\" data-id=\"777ba1e\" data-element_type=\"widget\" data-e-type=\"widget\" data-widget_type=\"image.default\">\n\t\t\t\t<div class=\"elementor-widget-container\">\n\t\t\t\t\t\t\t\t\t\t\t\t\t\t\t<img fetchpriority=\"high\" decoding=\"async\" width=\"1024\" height=\"244\" src=\"https:\/\/prof-baumann.de\/wp-content\/uploads\/2024\/01\/neurologie-kalkar-bauman-start-1024x244.jpg\" class=\"attachment-large size-large wp-image-62\" alt=\"\" srcset=\"https:\/\/prof-baumann.de\/wp-content\/uploads\/2024\/01\/neurologie-kalkar-bauman-start-1024x244.jpg 1024w, https:\/\/prof-baumann.de\/wp-content\/uploads\/2024\/01\/neurologie-kalkar-bauman-start-300x72.jpg 300w, https:\/\/prof-baumann.de\/wp-content\/uploads\/2024\/01\/neurologie-kalkar-bauman-start-768x183.jpg 768w, https:\/\/prof-baumann.de\/wp-content\/uploads\/2024\/01\/neurologie-kalkar-bauman-start.jpg 1140w\" sizes=\"(max-width: 1024px) 100vw, 1024px\" \/>\t\t\t\t\t\t\t\t\t\t\t\t\t\t\t<\/div>\n\t\t\t\t<\/div>\n\t\t\t\t\t<\/div>\n\t\t\t\t<\/div>\n\t\t<div class=\"elementor-element elementor-element-dd8afcf e-flex e-con-boxed wpr-particle-no wpr-jarallax-no wpr-parallax-no wpr-sticky-section-no e-con e-parent\" data-id=\"dd8afcf\" data-element_type=\"container\" data-e-type=\"container\">\n\t\t\t\t\t<div class=\"e-con-inner\">\n\t\t<div class=\"elementor-element elementor-element-7484316 e-con-full e-flex wpr-particle-no wpr-jarallax-no wpr-parallax-no wpr-sticky-section-no e-con e-child\" data-id=\"7484316\" data-element_type=\"container\" data-e-type=\"container\">\n\t\t<div class=\"elementor-element elementor-element-f5e9da0 e-flex e-con-boxed wpr-particle-no wpr-jarallax-no wpr-parallax-no wpr-sticky-section-no e-con e-child\" data-id=\"f5e9da0\" data-element_type=\"container\" data-e-type=\"container\">\n\t\t\t\t\t<div class=\"e-con-inner\">\n\t\t\t\t<div class=\"elementor-element elementor-element-1a67ff7 elementor-widget elementor-widget-heading\" data-id=\"1a67ff7\" data-element_type=\"widget\" data-e-type=\"widget\" data-widget_type=\"heading.default\">\n\t\t\t\t<div class=\"elementor-widget-container\">\n\t\t\t\t\t<h1 class=\"elementor-heading-title elementor-size-default\">Aktuelles<\/h1>\t\t\t\t<\/div>\n\t\t\t\t<\/div>\n\t\t\t\t<div class=\"elementor-element elementor-element-9509708 elementor-widget elementor-widget-heading\" data-id=\"9509708\" data-element_type=\"widget\" data-e-type=\"widget\" data-widget_type=\"heading.default\">\n\t\t\t\t<div class=\"elementor-widget-container\">\n\t\t\t\t\t<h4 class=\"elementor-heading-title elementor-size-default\">Aktuelle Meldung !<\/h4>\t\t\t\t<\/div>\n\t\t\t\t<\/div>\n\t\t\t\t<div class=\"elementor-element elementor-element-0f12764 elementor-widget elementor-widget-text-editor\" data-id=\"0f12764\" data-element_type=\"widget\" data-e-type=\"widget\" data-widget_type=\"text-editor.default\">\n\t\t\t\t<div class=\"elementor-widget-container\">\n\t\t\t\t\t\t\t\t\t<p>Immer mehr Daten weisen darauf hin, da\u00df Alzheimer behandelbar ist. Fragen Sie bei uns nach.<br \/>Ihr Praxisteam<\/p>\t\t\t\t\t\t\t\t<\/div>\n\t\t\t\t<\/div>\n\t\t\t\t\t<\/div>\n\t\t\t\t<\/div>\n\t\t<div class=\"elementor-element elementor-element-c01a2aa e-flex e-con-boxed wpr-particle-no wpr-jarallax-no wpr-parallax-no wpr-sticky-section-no e-con e-child\" data-id=\"c01a2aa\" data-element_type=\"container\" data-e-type=\"container\">\n\t\t\t\t\t<div class=\"e-con-inner\">\n\t\t\t\t<div class=\"elementor-element elementor-element-b992715 elementor-widget elementor-widget-heading\" data-id=\"b992715\" data-element_type=\"widget\" data-e-type=\"widget\" data-widget_type=\"heading.default\">\n\t\t\t\t<div class=\"elementor-widget-container\">\n\t\t\t\t\t<h4 class=\"elementor-heading-title elementor-size-default\">Wie sieht der Neurologe das Ph\u00e4nomen Schmerz ?<\/h4>\t\t\t\t<\/div>\n\t\t\t\t<\/div>\n\t\t\t\t<div class=\"elementor-element elementor-element-2614ac2 elementor-widget elementor-widget-text-editor\" data-id=\"2614ac2\" data-element_type=\"widget\" data-e-type=\"widget\" data-widget_type=\"text-editor.default\">\n\t\t\t\t<div class=\"elementor-widget-container\">\n\t\t\t\t\t\t\t\t\t<p class=\"bodytext\">Seit Jahren veranstaltet das CNST Kalkar regelm\u00e4\u00dfig Informationsveranstaltungen zum Thema regenerative Schmerztherapie bei Arthrose (Verschlei\u00df der Gelenke), Osteoporose (verminderte Knochendichte) und Sch\u00e4den der Bandscheiben bzw. der Wirbels\u00e4ule und Nervenwurzeln. Im Mittelpunkt steht hier die innovative und schmerzfreie Methode der Kernspintherapie (MBST), die es h\u00e4ufig erm\u00f6glicht, ohne Operation auszukommen. Auf grosse Resonanz st\u00f6\u00dft immer wieder die Einbettung der Schmerzbehandlung in ein von Neurologen entwickeltes Konzept, das Schmerzentstehung, Schmerzleitung und Schmerzverarbeitung umfasst. Ziel ist es dabei, nicht nur vor\u00fcbergehend Schmerzen zu beseitigen, sondern die Schmerzursachen anzugehen. Hierzu wird das schmerzausl\u00f6sende Gewebe wie zum Beispiel der Gelenkknorpel im Knie veranlasst, sich zu regenerieren. Dies kann vielfach Gelenkersatz unn\u00f6tig werden lassen. Bitte erkundigen Sie sich in unserer Praxis \u00fcber den n\u00e4chsten Veranstaltungstermin.<\/p><p class=\"bodytext\">Seit August 2012 bieten wir im CNST Kalkar neu entwickelte Therapieformen an, die insbesondere gegen Schmerzen, dann auch gegen \u00a0Mi\u00dfempfindungen wie Kribbeln und pelziges Taubheitsgef\u00fchl ausgerichtet sind. Die Behandlungsmethoden der Hochtontherapie und vor allem die der Kernspinresonanztherapie (MBST) sind auch bei Gelenkschmerzen, zum Beispiel bei Arthrose in Knie, Schulter oder H\u00fcfte, ferner auch bei Schmerzen der Wirbels\u00e4ule, hier vor allem auch bei Bandscheibenvorfall und Osteoporose wirksam. Wir sind sicher, dass wir damit noch mehr Patienten mit Schmerzen infolge von Arthrose und Problemen der Wirbels\u00e4ule sowie Patienten mit Polyneuropathie und Mi\u00dfempfindungen helfen k\u00f6nnen. Bitte informieren Sie sich bei uns n\u00e4her.<\/p>\t\t\t\t\t\t\t\t<\/div>\n\t\t\t\t<\/div>\n\t\t\t\t\t<\/div>\n\t\t\t\t<\/div>\n\t\t<div class=\"elementor-element elementor-element-6b5e931 e-flex e-con-boxed wpr-particle-no wpr-jarallax-no wpr-parallax-no wpr-sticky-section-no e-con e-child\" data-id=\"6b5e931\" data-element_type=\"container\" data-e-type=\"container\">\n\t\t\t\t\t<div class=\"e-con-inner\">\n\t\t\t\t<div class=\"elementor-element elementor-element-b95b255 elementor-widget elementor-widget-heading\" data-id=\"b95b255\" data-element_type=\"widget\" data-e-type=\"widget\" data-widget_type=\"heading.default\">\n\t\t\t\t<div class=\"elementor-widget-container\">\n\t\t\t\t\t<h4 class=\"elementor-heading-title elementor-size-default\">Anhaltende Wirkung der Transkraniellen Magnetstimulation bei Alzheimer Demenz<\/h4>\t\t\t\t<\/div>\n\t\t\t\t<\/div>\n\t\t\t\t<div class=\"elementor-element elementor-element-7a1eb2f elementor-widget elementor-widget-text-editor\" data-id=\"7a1eb2f\" data-element_type=\"widget\" data-e-type=\"widget\" data-widget_type=\"text-editor.default\">\n\t\t\t\t<div class=\"elementor-widget-container\">\n\t\t\t\t\t\t\t\t\t<p>Erneut berichtet ein Forscherteam in einer internationalen Fachzeitschrift \u00fcber Erfolge durch eine Behandlung mit der Transkraniellen Magnetstimulation bei Demenz und Sprachst\u00f6rungen (Maria Cotelli und Mitarbeiter 2011 im Journal of Neurology, Neurosurgery and Psychiatry). Durch schnelle repetitive Magnetstimulation stellte sich innerhalb weniger Wochen eine deutliche Besserung des Sprachverst\u00e4ndnisses bei Personen mit einer Demenz ein. Diese Besserung war auch noch nach 2 Monaten nachweisbar. Die hier durchgef\u00fchrte hochfrequente Magnetstimulation erfordert spezielle Ger\u00e4te, wie sie in unserem Centrum f\u00fcr Neurotherapie verwendet werden. \u00c4hnliche Erfolge sehen auch wir mit der Transkraniellen Magnetstimulation und anderen Neurostimulationsverfahren bereits nach 2-3 Wochen intensiver Kurzzeittherapie.<br \/><br \/>Unsere speziellen neurologischen Leistungen mit Lichttherapie, Neurofeedback und Neurostimulation bei Depression, Burnout, Migraine, Schlaganfall, Ged\u00e4chtnisst\u00f6rungen und Schlafst\u00f6rungen halten wir unter anderem f\u00fcr Patienten aus Kleve, Wesel, Bocholt, Emmerich, Xanten, Geldern, Kevelaer, Straelen, Issum, Rheurdt, Rheinberg, Alpen, Moers, Krefeld und Kempen vor.<br \/><br \/>Auch die spezielle Diagnostik zur Fr\u00fcherkennung und Vorbeugung von Demenz (z.B. Alzheimer) und Schlaganfall bieten wir ebenso wie eine intensive Kurzzeit-Behandlung \u00fcberregional an.<\/p>\t\t\t\t\t\t\t\t<\/div>\n\t\t\t\t<\/div>\n\t\t\t\t\t<\/div>\n\t\t\t\t<\/div>\n\t\t\t\t<\/div>\n\t\t<div class=\"elementor-element elementor-element-d792ff2 e-con-full e-flex wpr-particle-no wpr-jarallax-no wpr-parallax-no wpr-sticky-section-no e-con e-child\" data-id=\"d792ff2\" data-element_type=\"container\" data-e-type=\"container\">\n\t\t\t\t<div class=\"elementor-element elementor-element-35ef1b0 elementor-widget elementor-widget-heading\" data-id=\"35ef1b0\" data-element_type=\"widget\" data-e-type=\"widget\" data-widget_type=\"heading.default\">\n\t\t\t\t<div class=\"elementor-widget-container\">\n\t\t\t\t\t<h4 class=\"elementor-heading-title elementor-size-default\">Prof. Dr. med. Bruno Baumann<\/h4>\t\t\t\t<\/div>\n\t\t\t\t<\/div>\n\t\t\t\t<div class=\"elementor-element elementor-element-4cc03c9 elementor-widget elementor-widget-text-editor\" data-id=\"4cc03c9\" data-element_type=\"widget\" data-e-type=\"widget\" data-widget_type=\"text-editor.default\">\n\t\t\t\t<div class=\"elementor-widget-container\">\n\t\t\t\t\t\t\t\t\t<p><strong>Centrum f\u00fcr Neurotherapie und Schmerztherapie (CNST Kalkar)<\/strong><\/p><p>Talstasse 19<br \/>47546 Kalkar<br \/><br \/><strong>Tel:<\/strong> <a href=\"tel:02824 962568-0\">02824 962568-0<\/a><br \/><strong>Fax:<\/strong> 02824 962568-38<\/p>\t\t\t\t\t\t\t\t<\/div>\n\t\t\t\t<\/div>\n\t\t\t\t<div class=\"elementor-element elementor-element-67de235 elementor-widget elementor-widget-heading\" data-id=\"67de235\" data-element_type=\"widget\" data-e-type=\"widget\" data-widget_type=\"heading.default\">\n\t\t\t\t<div class=\"elementor-widget-container\">\n\t\t\t\t\t<h4 class=\"elementor-heading-title elementor-size-default\">Sprechzeiten<\/h4>\t\t\t\t<\/div>\n\t\t\t\t<\/div>\n\t\t\t\t<div class=\"elementor-element elementor-element-df25e36 elementor-widget elementor-widget-uael-business-hours\" data-id=\"df25e36\" data-element_type=\"widget\" data-e-type=\"widget\" data-settings=\"{&quot;section_bs_list_padding&quot;:{&quot;unit&quot;:&quot;px&quot;,&quot;top&quot;:&quot;0&quot;,&quot;right&quot;:&quot;0&quot;,&quot;bottom&quot;:&quot;0&quot;,&quot;left&quot;:&quot;0&quot;,&quot;isLinked&quot;:false},&quot;business_hours_day_align&quot;:&quot;left&quot;,&quot;business_hours_time_align&quot;:&quot;left&quot;,&quot;section_bs_list_padding_tablet&quot;:{&quot;unit&quot;:&quot;px&quot;,&quot;top&quot;:&quot;&quot;,&quot;right&quot;:&quot;&quot;,&quot;bottom&quot;:&quot;&quot;,&quot;left&quot;:&quot;&quot;,&quot;isLinked&quot;:true},&quot;section_bs_list_padding_mobile&quot;:{&quot;unit&quot;:&quot;px&quot;,&quot;top&quot;:&quot;&quot;,&quot;right&quot;:&quot;&quot;,&quot;bottom&quot;:&quot;&quot;,&quot;left&quot;:&quot;&quot;,&quot;isLinked&quot;:true}}\" data-widget_type=\"uael-business-hours.default\">\n\t\t\t\t<div class=\"elementor-widget-container\">\n\t\t\t\t\t\t<div class=\"uael-business-scheduler-box-wrapper\">\n\t\t\t<div class=\"uael-days\">\n\t\t\t\t\t\t\t<!-- CURRENT_ITEM div -->\n\t\t\t\t<div class=\"elementor-repeater-item-561a13f top-border-divider bs-background\">\n\t\t\t\t\t<div class=\"uael-inner\">\n\t\t\t\t\t\t<span class=\"heading-date uael-business-day\">\n\t\t\t\t\t\t\t<span>Montag<\/span>\n\t\t\t\t\t\t<\/span>\n\n\t\t\t\t\t\t<span class=\"heading-time uael-business-time\">\n\t\t\t\t\t\t\t<span class=\"inner-heading-time\">\n\t\t\t\t\t\t\t\t<span>\t09.00 - 12.00 Uhr 15.00 - 17.00 Uhr<\/span>\n\t\t\t\t\t\t\t<\/span>\n\t\t\t\t\t\t<\/span>\n\t\t\t\t\t<\/div>\n\t\t\t\t<\/div>\n\t\t\t\t\t\t\t\t<!-- CURRENT_ITEM div -->\n\t\t\t\t<div class=\"elementor-repeater-item-401e5c3 top-border-divider bs-background\">\n\t\t\t\t\t<div class=\"uael-inner uael-inner\">\n\t\t\t\t\t\t<span class=\"heading-date uael-business-day\">\n\t\t\t\t\t\t\t<span>Dienstag<\/span>\n\t\t\t\t\t\t<\/span>\n\n\t\t\t\t\t\t<span class=\"heading-time uael-business-time\">\n\t\t\t\t\t\t\t<span class=\"inner-heading-time inner-heading-time\">\n\t\t\t\t\t\t\t\t<span>09.00 - 12.00 Uhr<\/span>\n\t\t\t\t\t\t\t<\/span>\n\t\t\t\t\t\t<\/span>\n\t\t\t\t\t<\/div>\n\t\t\t\t<\/div>\n\t\t\t\t\t\t\t\t<!-- CURRENT_ITEM div -->\n\t\t\t\t<div class=\"elementor-repeater-item-e64c2ac top-border-divider bs-background\">\n\t\t\t\t\t<div class=\"uael-inner uael-inner uael-inner\">\n\t\t\t\t\t\t<span class=\"heading-date uael-business-day\">\n\t\t\t\t\t\t\t<span>Mittwoch<\/span>\n\t\t\t\t\t\t<\/span>\n\n\t\t\t\t\t\t<span class=\"heading-time uael-business-time\">\n\t\t\t\t\t\t\t<span class=\"inner-heading-time inner-heading-time inner-heading-time\">\n\t\t\t\t\t\t\t\t<span>09.00 - 12.00 Uhr<\/span>\n\t\t\t\t\t\t\t<\/span>\n\t\t\t\t\t\t<\/span>\n\t\t\t\t\t<\/div>\n\t\t\t\t<\/div>\n\t\t\t\t\t\t\t\t<!-- CURRENT_ITEM div -->\n\t\t\t\t<div class=\"elementor-repeater-item-f777d7c top-border-divider bs-background\">\n\t\t\t\t\t<div class=\"uael-inner uael-inner uael-inner uael-inner\">\n\t\t\t\t\t\t<span class=\"heading-date uael-business-day\">\n\t\t\t\t\t\t\t<span>Donnerstag<\/span>\n\t\t\t\t\t\t<\/span>\n\n\t\t\t\t\t\t<span class=\"heading-time uael-business-time\">\n\t\t\t\t\t\t\t<span class=\"inner-heading-time inner-heading-time inner-heading-time inner-heading-time\">\n\t\t\t\t\t\t\t\t<span>09.00 - 12.00 Uhr 15.00 - 17.00 Uhr<\/span>\n\t\t\t\t\t\t\t<\/span>\n\t\t\t\t\t\t<\/span>\n\t\t\t\t\t<\/div>\n\t\t\t\t<\/div>\n\t\t\t\t\t\t\t\t<!-- CURRENT_ITEM div -->\n\t\t\t\t<div class=\"elementor-repeater-item-0e68a05 top-border-divider bs-background\">\n\t\t\t\t\t<div class=\"uael-inner uael-inner uael-inner uael-inner uael-inner\">\n\t\t\t\t\t\t<span class=\"heading-date uael-business-day\">\n\t\t\t\t\t\t\t<span>Freitag<\/span>\n\t\t\t\t\t\t<\/span>\n\n\t\t\t\t\t\t<span class=\"heading-time uael-business-time\">\n\t\t\t\t\t\t\t<span class=\"inner-heading-time inner-heading-time inner-heading-time inner-heading-time inner-heading-time\">\n\t\t\t\t\t\t\t\t<span>09.00 - 12.00 Uhr<\/span>\n\t\t\t\t\t\t\t<\/span>\n\t\t\t\t\t\t<\/span>\n\t\t\t\t\t<\/div>\n\t\t\t\t<\/div>\n\t\t\t\t\t\t<\/div>\n\t\t<\/div>\n\t\t\t\t\t<\/div>\n\t\t\t\t<\/div>\n\t\t\t\t<\/div>\n\t\t\t\t\t<\/div>\n\t\t\t\t<\/div>\n\t\t\t\t<\/div>\n\t\t","protected":false},"excerpt":{"rendered":"<p>Aktuelles Aktuelle Meldung ! Immer mehr Daten weisen darauf hin, da\u00df Alzheimer behandelbar ist. Fragen Sie bei uns nach.Ihr Praxisteam<\/p>\n","protected":false},"author":2,"featured_media":0,"parent":0,"menu_order":5,"comment_status":"closed","ping_status":"closed","template":"","meta":{"site-sidebar-layout":"no-sidebar","site-content-layout":"","ast-site-content-layout":"full-width-container","site-content-style":"default","site-sidebar-style":"default","ast-global-header-display":"","ast-banner-title-visibility":"","ast-main-header-display":"","ast-hfb-above-header-display":"","ast-hfb-below-header-display":"","ast-hfb-mobile-header-display":"","site-post-title":"disabled","ast-breadcrumbs-content":"","ast-featured-img":"disabled","footer-sml-layout":"","ast-disable-related-posts":"","theme-transparent-header-meta":"","adv-header-id-meta":"","stick-header-meta":"","header-above-stick-meta":"","header-main-stick-meta":"","header-below-stick-meta":"","astra-migrate-meta-layouts":"default","ast-page-background-enabled":"default","ast-page-background-meta":{"desktop":{"background-color":"var(--ast-global-color-4)","background-image":"","background-repeat":"repeat","background-position":"center center","background-size":"auto","background-attachment":"scroll","background-type":"","background-media":"","overlay-type":"","overlay-color":"","overlay-opacity":"","overlay-gradient":""},"tablet":{"background-color":"","background-image":"","background-repeat":"repeat","background-position":"center center","background-size":"auto","background-attachment":"scroll","background-type":"","background-media":"","overlay-type":"","overlay-color":"","overlay-opacity":"","overlay-gradient":""},"mobile":{"background-color":"","background-image":"","background-repeat":"repeat","background-position":"center center","background-size":"auto","background-attachment":"scroll","background-type":"","background-media":"","overlay-type":"","overlay-color":"","overlay-opacity":"","overlay-gradient":""}},"ast-content-background-meta":{"desktop":{"background-color":"var(--ast-global-color-5)","background-image":"","background-repeat":"repeat","background-position":"center center","background-size":"auto","background-attachment":"scroll","background-type":"","background-media":"","overlay-type":"","overlay-color":"","overlay-opacity":"","overlay-gradient":""},"tablet":{"background-color":"var(--ast-global-color-5)","background-image":"","background-repeat":"repeat","background-position":"center center","background-size":"auto","background-attachment":"scroll","background-type":"","background-media":"","overlay-type":"","overlay-color":"","overlay-opacity":"","overlay-gradient":""},"mobile":{"background-color":"var(--ast-global-color-5)","background-image":"","background-repeat":"repeat","background-position":"center center","background-size":"auto","background-attachment":"scroll","background-type":"","background-media":"","overlay-type":"","overlay-color":"","overlay-opacity":"","overlay-gradient":""}},"footnotes":""},"class_list":["post-157","page","type-page","status-publish","hentry"],"yoast_head":"<!-- This site is optimized with the Yoast SEO plugin v27.3 - https:\/\/yoast.com\/product\/yoast-seo-wordpress\/ -->\n<title>Aktuelles - Prof. Dr. med. Bruno Baumann<\/title>\n<meta name=\"robots\" content=\"index, follow, max-snippet:-1, max-image-preview:large, max-video-preview:-1\" \/>\n<link rel=\"canonical\" href=\"https:\/\/prof-baumann.de\/index.php\/aktuelles\/\" \/>\n<meta property=\"og:locale\" content=\"de_DE\" \/>\n<meta property=\"og:type\" content=\"article\" \/>\n<meta property=\"og:title\" content=\"Aktuelles - Prof. Dr. med. Bruno Baumann\" \/>\n<meta property=\"og:description\" content=\"Aktuelles Aktuelle Meldung ! Immer mehr Daten weisen darauf hin, da\u00df Alzheimer behandelbar ist. Fragen Sie bei uns nach.Ihr Praxisteam\" \/>\n<meta property=\"og:url\" content=\"https:\/\/prof-baumann.de\/index.php\/aktuelles\/\" \/>\n<meta property=\"og:site_name\" content=\"Prof. Dr. med. Bruno Baumann\" \/>\n<meta property=\"article:modified_time\" content=\"2024-01-22T13:25:36+00:00\" \/>\n<meta property=\"og:image\" content=\"https:\/\/prof-baumann.de\/wp-content\/uploads\/2024\/01\/neurologie-kalkar-bauman-start-1024x244.jpg\" \/>\n<meta name=\"twitter:card\" content=\"summary_large_image\" \/>\n<meta name=\"twitter:label1\" content=\"Gesch\u00e4tzte Lesezeit\" \/>\n\t<meta name=\"twitter:data1\" content=\"3\u00a0Minuten\" \/>\n<script type=\"application\/ld+json\" class=\"yoast-schema-graph\">{\"@context\":\"https:\\\/\\\/schema.org\",\"@graph\":[{\"@type\":\"WebPage\",\"@id\":\"https:\\\/\\\/prof-baumann.de\\\/index.php\\\/aktuelles\\\/\",\"url\":\"https:\\\/\\\/prof-baumann.de\\\/index.php\\\/aktuelles\\\/\",\"name\":\"Aktuelles - Prof. Dr. med. Bruno Baumann\",\"isPartOf\":{\"@id\":\"https:\\\/\\\/prof-baumann.de\\\/#website\"},\"primaryImageOfPage\":{\"@id\":\"https:\\\/\\\/prof-baumann.de\\\/index.php\\\/aktuelles\\\/#primaryimage\"},\"image\":{\"@id\":\"https:\\\/\\\/prof-baumann.de\\\/index.php\\\/aktuelles\\\/#primaryimage\"},\"thumbnailUrl\":\"https:\\\/\\\/prof-baumann.de\\\/wp-content\\\/uploads\\\/2024\\\/01\\\/neurologie-kalkar-bauman-start-1024x244.jpg\",\"datePublished\":\"2024-01-19T14:59:20+00:00\",\"dateModified\":\"2024-01-22T13:25:36+00:00\",\"breadcrumb\":{\"@id\":\"https:\\\/\\\/prof-baumann.de\\\/index.php\\\/aktuelles\\\/#breadcrumb\"},\"inLanguage\":\"de\",\"potentialAction\":[{\"@type\":\"ReadAction\",\"target\":[\"https:\\\/\\\/prof-baumann.de\\\/index.php\\\/aktuelles\\\/\"]}]},{\"@type\":\"ImageObject\",\"inLanguage\":\"de\",\"@id\":\"https:\\\/\\\/prof-baumann.de\\\/index.php\\\/aktuelles\\\/#primaryimage\",\"url\":\"https:\\\/\\\/prof-baumann.de\\\/wp-content\\\/uploads\\\/2024\\\/01\\\/neurologie-kalkar-bauman-start.jpg\",\"contentUrl\":\"https:\\\/\\\/prof-baumann.de\\\/wp-content\\\/uploads\\\/2024\\\/01\\\/neurologie-kalkar-bauman-start.jpg\",\"width\":1140,\"height\":272,\"caption\":\"Centrum f\u00fcr Neurotherapie und Schmerztherapie\"},{\"@type\":\"BreadcrumbList\",\"@id\":\"https:\\\/\\\/prof-baumann.de\\\/index.php\\\/aktuelles\\\/#breadcrumb\",\"itemListElement\":[{\"@type\":\"ListItem\",\"position\":1,\"name\":\"Startseite\",\"item\":\"https:\\\/\\\/prof-baumann.de\\\/\"},{\"@type\":\"ListItem\",\"position\":2,\"name\":\"Aktuelles\"}]},{\"@type\":\"WebSite\",\"@id\":\"https:\\\/\\\/prof-baumann.de\\\/#website\",\"url\":\"https:\\\/\\\/prof-baumann.de\\\/\",\"name\":\"Prof. Dr. med. Bruno Baumann\",\"description\":\"\",\"potentialAction\":[{\"@type\":\"SearchAction\",\"target\":{\"@type\":\"EntryPoint\",\"urlTemplate\":\"https:\\\/\\\/prof-baumann.de\\\/?s={search_term_string}\"},\"query-input\":{\"@type\":\"PropertyValueSpecification\",\"valueRequired\":true,\"valueName\":\"search_term_string\"}}],\"inLanguage\":\"de\"}]}<\/script>\n<!-- \/ Yoast SEO plugin. -->","yoast_head_json":{"title":"Aktuelles - Prof. Dr. med. Bruno Baumann","robots":{"index":"index","follow":"follow","max-snippet":"max-snippet:-1","max-image-preview":"max-image-preview:large","max-video-preview":"max-video-preview:-1"},"canonical":"https:\/\/prof-baumann.de\/index.php\/aktuelles\/","og_locale":"de_DE","og_type":"article","og_title":"Aktuelles - Prof. Dr. med. Bruno Baumann","og_description":"Aktuelles Aktuelle Meldung ! Immer mehr Daten weisen darauf hin, da\u00df Alzheimer behandelbar ist. Fragen Sie bei uns nach.Ihr Praxisteam","og_url":"https:\/\/prof-baumann.de\/index.php\/aktuelles\/","og_site_name":"Prof. Dr. med. Bruno Baumann","article_modified_time":"2024-01-22T13:25:36+00:00","og_image":[{"url":"https:\/\/prof-baumann.de\/wp-content\/uploads\/2024\/01\/neurologie-kalkar-bauman-start-1024x244.jpg","type":"","width":"","height":""}],"twitter_card":"summary_large_image","twitter_misc":{"Gesch\u00e4tzte Lesezeit":"3\u00a0Minuten"},"schema":{"@context":"https:\/\/schema.org","@graph":[{"@type":"WebPage","@id":"https:\/\/prof-baumann.de\/index.php\/aktuelles\/","url":"https:\/\/prof-baumann.de\/index.php\/aktuelles\/","name":"Aktuelles - Prof. Dr. med. Bruno Baumann","isPartOf":{"@id":"https:\/\/prof-baumann.de\/#website"},"primaryImageOfPage":{"@id":"https:\/\/prof-baumann.de\/index.php\/aktuelles\/#primaryimage"},"image":{"@id":"https:\/\/prof-baumann.de\/index.php\/aktuelles\/#primaryimage"},"thumbnailUrl":"https:\/\/prof-baumann.de\/wp-content\/uploads\/2024\/01\/neurologie-kalkar-bauman-start-1024x244.jpg","datePublished":"2024-01-19T14:59:20+00:00","dateModified":"2024-01-22T13:25:36+00:00","breadcrumb":{"@id":"https:\/\/prof-baumann.de\/index.php\/aktuelles\/#breadcrumb"},"inLanguage":"de","potentialAction":[{"@type":"ReadAction","target":["https:\/\/prof-baumann.de\/index.php\/aktuelles\/"]}]},{"@type":"ImageObject","inLanguage":"de","@id":"https:\/\/prof-baumann.de\/index.php\/aktuelles\/#primaryimage","url":"https:\/\/prof-baumann.de\/wp-content\/uploads\/2024\/01\/neurologie-kalkar-bauman-start.jpg","contentUrl":"https:\/\/prof-baumann.de\/wp-content\/uploads\/2024\/01\/neurologie-kalkar-bauman-start.jpg","width":1140,"height":272,"caption":"Centrum f\u00fcr Neurotherapie und Schmerztherapie"},{"@type":"BreadcrumbList","@id":"https:\/\/prof-baumann.de\/index.php\/aktuelles\/#breadcrumb","itemListElement":[{"@type":"ListItem","position":1,"name":"Startseite","item":"https:\/\/prof-baumann.de\/"},{"@type":"ListItem","position":2,"name":"Aktuelles"}]},{"@type":"WebSite","@id":"https:\/\/prof-baumann.de\/#website","url":"https:\/\/prof-baumann.de\/","name":"Prof. Dr. med. Bruno Baumann","description":"","potentialAction":[{"@type":"SearchAction","target":{"@type":"EntryPoint","urlTemplate":"https:\/\/prof-baumann.de\/?s={search_term_string}"},"query-input":{"@type":"PropertyValueSpecification","valueRequired":true,"valueName":"search_term_string"}}],"inLanguage":"de"}]}},"_links":{"self":[{"href":"https:\/\/prof-baumann.de\/index.php\/wp-json\/wp\/v2\/pages\/157","targetHints":{"allow":["GET"]}}],"collection":[{"href":"https:\/\/prof-baumann.de\/index.php\/wp-json\/wp\/v2\/pages"}],"about":[{"href":"https:\/\/prof-baumann.de\/index.php\/wp-json\/wp\/v2\/types\/page"}],"author":[{"embeddable":true,"href":"https:\/\/prof-baumann.de\/index.php\/wp-json\/wp\/v2\/users\/2"}],"replies":[{"embeddable":true,"href":"https:\/\/prof-baumann.de\/index.php\/wp-json\/wp\/v2\/comments?post=157"}],"version-history":[{"count":14,"href":"https:\/\/prof-baumann.de\/index.php\/wp-json\/wp\/v2\/pages\/157\/revisions"}],"predecessor-version":[{"id":335,"href":"https:\/\/prof-baumann.de\/index.php\/wp-json\/wp\/v2\/pages\/157\/revisions\/335"}],"wp:attachment":[{"href":"https:\/\/prof-baumann.de\/index.php\/wp-json\/wp\/v2\/media?parent=157"}],"curies":[{"name":"wp","href":"https:\/\/api.w.org\/{rel}","templated":true}]}}