{"id":396,"date":"2024-01-22T13:43:57","date_gmt":"2024-01-22T13:43:57","guid":{"rendered":"https:\/\/prof-baumann.de\/?page_id=396"},"modified":"2024-01-22T13:45:06","modified_gmt":"2024-01-22T13:45:06","slug":"laehmung-gesicht-fazialisparese","status":"publish","type":"page","link":"https:\/\/prof-baumann.de\/index.php\/leistungen\/laehmung-gesicht-fazialisparese\/","title":{"rendered":"L\u00e4hmung Gesicht &#8211; Fazialisparese"},"content":{"rendered":"\t\t<div data-elementor-type=\"wp-page\" data-elementor-id=\"396\" class=\"elementor elementor-396\">\n\t\t\t\t<div class=\"elementor-element elementor-element-8af5052 e-flex e-con-boxed wpr-particle-no wpr-jarallax-no wpr-parallax-no wpr-sticky-section-no wpr-column-slider-no wpr-equal-height-no e-con e-parent\" data-id=\"8af5052\" data-element_type=\"container\" data-e-type=\"container\">\n\t\t\t\t\t<div class=\"e-con-inner\">\n\t\t\t\t<div class=\"elementor-element elementor-element-777ba1e elementor-widget elementor-widget-image\" data-id=\"777ba1e\" data-element_type=\"widget\" data-e-type=\"widget\" data-widget_type=\"image.default\">\n\t\t\t\t<div class=\"elementor-widget-container\">\n\t\t\t\t\t\t\t\t\t\t\t\t\t\t\t<img fetchpriority=\"high\" decoding=\"async\" width=\"1024\" height=\"244\" src=\"https:\/\/prof-baumann.de\/wp-content\/uploads\/2024\/01\/neurologie-kalkar-bauman-gesichtslaehmung-1024x244.jpg\" class=\"attachment-large size-large wp-image-398\" alt=\"\" srcset=\"https:\/\/prof-baumann.de\/wp-content\/uploads\/2024\/01\/neurologie-kalkar-bauman-gesichtslaehmung-1024x244.jpg 1024w, https:\/\/prof-baumann.de\/wp-content\/uploads\/2024\/01\/neurologie-kalkar-bauman-gesichtslaehmung-300x72.jpg 300w, https:\/\/prof-baumann.de\/wp-content\/uploads\/2024\/01\/neurologie-kalkar-bauman-gesichtslaehmung-768x183.jpg 768w, https:\/\/prof-baumann.de\/wp-content\/uploads\/2024\/01\/neurologie-kalkar-bauman-gesichtslaehmung.jpg 1140w\" sizes=\"(max-width: 1024px) 100vw, 1024px\" \/>\t\t\t\t\t\t\t\t\t\t\t\t\t\t\t<\/div>\n\t\t\t\t<\/div>\n\t\t\t\t\t<\/div>\n\t\t\t\t<\/div>\n\t\t<div class=\"elementor-element elementor-element-dd8afcf e-flex e-con-boxed wpr-particle-no wpr-jarallax-no wpr-parallax-no wpr-sticky-section-no wpr-column-slider-no wpr-equal-height-no e-con e-parent\" data-id=\"dd8afcf\" data-element_type=\"container\" data-e-type=\"container\">\n\t\t\t\t\t<div class=\"e-con-inner\">\n\t\t<div class=\"elementor-element elementor-element-7484316 e-con-full e-flex wpr-particle-no wpr-jarallax-no wpr-parallax-no wpr-sticky-section-no wpr-column-slider-no wpr-equal-height-no e-con e-child\" data-id=\"7484316\" data-element_type=\"container\" data-e-type=\"container\">\n\t\t\t\t<div class=\"elementor-element elementor-element-1a67ff7 elementor-widget elementor-widget-heading\" data-id=\"1a67ff7\" data-element_type=\"widget\" data-e-type=\"widget\" data-widget_type=\"heading.default\">\n\t\t\t\t<div class=\"elementor-widget-container\">\n\t\t\t\t\t<h1 class=\"elementor-heading-title elementor-size-default\">L\u00e4hmung Gesicht - Fazialisparese<\/h1>\t\t\t\t<\/div>\n\t\t\t\t<\/div>\n\t\t\t\t<div class=\"elementor-element elementor-element-7fcd3d4 elementor-widget elementor-widget-heading\" data-id=\"7fcd3d4\" data-element_type=\"widget\" data-e-type=\"widget\" data-widget_type=\"heading.default\">\n\t\t\t\t<div class=\"elementor-widget-container\">\n\t\t\t\t\t<h4 class=\"elementor-heading-title elementor-size-default\">Hartn\u00e4ckige Gesichtsl\u00e4hmung erfolgreich behandeln<\/h4>\t\t\t\t<\/div>\n\t\t\t\t<\/div>\n\t\t\t\t<div class=\"elementor-element elementor-element-9d160c3 elementor-widget elementor-widget-text-editor\" data-id=\"9d160c3\" data-element_type=\"widget\" data-e-type=\"widget\" data-widget_type=\"text-editor.default\">\n\t\t\t\t<div class=\"elementor-widget-container\">\n\t\t\t\t\t\t\t\t\t<div id=\"c596\"><div class=\"text\"><p class=\"bodytext\">Gesichtsl\u00e4hmungen sind nicht nur kosmetisch entstellend, sie k\u00f6nnen auch auf bedeutsame gesundheitliche Probleme hinweisen. Im Centrum f\u00fcr Neurotherapie (Leitung: Prof. Dr. med. B. Baumann) f\u00fchren Spezialisten eine ursachenorientierte neuartige\u00a0Therapie durch mit sehr guten Erfolgen auch bei bisher hartn\u00e4ckig verbleibender L\u00e4hmung des Gesichtes (Fazialisparese).<\/p><p class=\"bodytext\">Gesichtsl\u00e4hmungen beruhen auf einer Sch\u00e4digung des Nervus facialis, dem siebten der 12 Hirnnerven. Oft liegen entz\u00fcndliche Ver\u00e4nderungen des Nerven durch Viren oder Bakterien der Fazialisparese zugrunde. In vielen F\u00e4llen lassen sich solche Erreger nicht ohne weiteres nachweisen, man spricht dann von einer idiopathischen Fazialisparese. Diese heilt zwar in \u00fcber 80% der F\u00e4lle wieder weitgehend ab, es bleiben jedoch viele Betroffene, die unter einer unvollst\u00e4ndig zur\u00fcckgegangenen L\u00e4hmung des Gesichtes leiden.<\/p><p class=\"bodytext\">Unterschieden wird zwischen peripherer und zentraler Fazialisparese. Bei der peripheren Form ist die Stirn im Unterschied zur zentralen mit betroffen. Da die periphere Form (scheinbar) nur den Hirnnerven und nicht wie die zentrale Form das Gehirn betrifft, gilt sie als weniger schwerwiegend. Im Centrum f\u00fcr Neurotherapie stellen wir jedoch h\u00e4ufig Begleitfaktoren der peripheren L\u00e4hmung fest, die durchaus auch das Gehirn sch\u00e4digen k\u00f6nnen. Hier setzt unsere Behandlung an, mit der in vielen F\u00e4llen auch bei hartn\u00e4ckig verbleibender L\u00e4hmung sichtbar gute Effekte erzielt werden. Au\u00dferdem werden mit den Begleitfaktoren auch wichtige andere Erkrankungen mitbehandelt.\u00a0 \u00a0<\/p><p class=\"bodytext\">Nach einer umfassenden Erstuntersuchung kann die weitere spezielle Behandlung der Gesichtsl\u00e4hmung in der Regel\u00a0bei Ihnen vor Ort erfolgen. F\u00fcr weitere Informationen nehmen Sie bitte Kontakt mit dem Centrum f\u00fcr Neurotherapie auf.<\/p><\/div><\/div>\t\t\t\t\t\t\t\t<\/div>\n\t\t\t\t<\/div>\n\t\t\t\t<\/div>\n\t\t<div class=\"elementor-element elementor-element-d792ff2 e-con-full e-flex wpr-particle-no wpr-jarallax-no wpr-parallax-no wpr-sticky-section-no wpr-column-slider-no wpr-equal-height-no e-con e-child\" data-id=\"d792ff2\" data-element_type=\"container\" data-e-type=\"container\">\n\t\t\t\t<div class=\"elementor-element elementor-element-35ef1b0 elementor-widget elementor-widget-heading\" data-id=\"35ef1b0\" data-element_type=\"widget\" data-e-type=\"widget\" data-widget_type=\"heading.default\">\n\t\t\t\t<div class=\"elementor-widget-container\">\n\t\t\t\t\t<h4 class=\"elementor-heading-title elementor-size-default\">Prof. Dr. med. Bruno Baumann<\/h4>\t\t\t\t<\/div>\n\t\t\t\t<\/div>\n\t\t\t\t<div class=\"elementor-element elementor-element-4cc03c9 elementor-widget elementor-widget-text-editor\" data-id=\"4cc03c9\" data-element_type=\"widget\" data-e-type=\"widget\" data-widget_type=\"text-editor.default\">\n\t\t\t\t<div class=\"elementor-widget-container\">\n\t\t\t\t\t\t\t\t\t<p><strong>Centrum f\u00fcr Neurotherapie und Schmerztherapie (CNST Kalkar)<\/strong><\/p><p>Talstasse 19<br \/>47546 Kalkar<br \/><br \/><strong>Tel:<\/strong> <a href=\"tel:02824 962568-0\">02824 962568-0<\/a><br \/><strong>Fax:<\/strong> 02824 962568-38<\/p>\t\t\t\t\t\t\t\t<\/div>\n\t\t\t\t<\/div>\n\t\t\t\t<div class=\"elementor-element elementor-element-67de235 elementor-widget elementor-widget-heading\" data-id=\"67de235\" data-element_type=\"widget\" data-e-type=\"widget\" data-widget_type=\"heading.default\">\n\t\t\t\t<div class=\"elementor-widget-container\">\n\t\t\t\t\t<h4 class=\"elementor-heading-title elementor-size-default\">Sprechzeiten<\/h4>\t\t\t\t<\/div>\n\t\t\t\t<\/div>\n\t\t\t\t<div class=\"elementor-element elementor-element-df25e36 elementor-widget elementor-widget-uael-business-hours\" data-id=\"df25e36\" data-element_type=\"widget\" data-e-type=\"widget\" data-settings=\"{&quot;section_bs_list_padding&quot;:{&quot;unit&quot;:&quot;px&quot;,&quot;top&quot;:&quot;0&quot;,&quot;right&quot;:&quot;0&quot;,&quot;bottom&quot;:&quot;0&quot;,&quot;left&quot;:&quot;0&quot;,&quot;isLinked&quot;:false},&quot;business_hours_day_align&quot;:&quot;left&quot;,&quot;business_hours_time_align&quot;:&quot;left&quot;,&quot;section_bs_list_padding_tablet&quot;:{&quot;unit&quot;:&quot;px&quot;,&quot;top&quot;:&quot;&quot;,&quot;right&quot;:&quot;&quot;,&quot;bottom&quot;:&quot;&quot;,&quot;left&quot;:&quot;&quot;,&quot;isLinked&quot;:true},&quot;section_bs_list_padding_mobile&quot;:{&quot;unit&quot;:&quot;px&quot;,&quot;top&quot;:&quot;&quot;,&quot;right&quot;:&quot;&quot;,&quot;bottom&quot;:&quot;&quot;,&quot;left&quot;:&quot;&quot;,&quot;isLinked&quot;:true}}\" data-widget_type=\"uael-business-hours.default\">\n\t\t\t\t<div class=\"elementor-widget-container\">\n\t\t\t\t\t\t<div class=\"uael-business-scheduler-box-wrapper\">\n\t\t\t<div class=\"uael-days\">\n\t\t\t\t\t\t\t<!-- CURRENT_ITEM div -->\n\t\t\t\t<div class=\"elementor-repeater-item-561a13f top-border-divider bs-background\">\n\t\t\t\t\t<div class=\"uael-inner\">\n\t\t\t\t\t\t<span class=\"heading-date uael-business-day\">\n\t\t\t\t\t\t\t<span>Montag<\/span>\n\t\t\t\t\t\t<\/span>\n\n\t\t\t\t\t\t<span class=\"heading-time uael-business-time\">\n\t\t\t\t\t\t\t<span class=\"inner-heading-time\">\n\t\t\t\t\t\t\t\t<span>\t09.00 - 12.00 Uhr 15.00 - 17.00 Uhr<\/span>\n\t\t\t\t\t\t\t<\/span>\n\t\t\t\t\t\t<\/span>\n\t\t\t\t\t<\/div>\n\t\t\t\t<\/div>\n\t\t\t\t\t\t\t\t<!-- CURRENT_ITEM div -->\n\t\t\t\t<div class=\"elementor-repeater-item-401e5c3 top-border-divider bs-background\">\n\t\t\t\t\t<div class=\"uael-inner uael-inner\">\n\t\t\t\t\t\t<span class=\"heading-date uael-business-day\">\n\t\t\t\t\t\t\t<span>Dienstag<\/span>\n\t\t\t\t\t\t<\/span>\n\n\t\t\t\t\t\t<span class=\"heading-time uael-business-time\">\n\t\t\t\t\t\t\t<span class=\"inner-heading-time inner-heading-time\">\n\t\t\t\t\t\t\t\t<span>09.00 - 12.00 Uhr<\/span>\n\t\t\t\t\t\t\t<\/span>\n\t\t\t\t\t\t<\/span>\n\t\t\t\t\t<\/div>\n\t\t\t\t<\/div>\n\t\t\t\t\t\t\t\t<!-- CURRENT_ITEM div -->\n\t\t\t\t<div class=\"elementor-repeater-item-e64c2ac top-border-divider bs-background\">\n\t\t\t\t\t<div class=\"uael-inner uael-inner uael-inner\">\n\t\t\t\t\t\t<span class=\"heading-date uael-business-day\">\n\t\t\t\t\t\t\t<span>Mittwoch<\/span>\n\t\t\t\t\t\t<\/span>\n\n\t\t\t\t\t\t<span class=\"heading-time uael-business-time\">\n\t\t\t\t\t\t\t<span class=\"inner-heading-time inner-heading-time inner-heading-time\">\n\t\t\t\t\t\t\t\t<span>09.00 - 12.00 Uhr<\/span>\n\t\t\t\t\t\t\t<\/span>\n\t\t\t\t\t\t<\/span>\n\t\t\t\t\t<\/div>\n\t\t\t\t<\/div>\n\t\t\t\t\t\t\t\t<!-- CURRENT_ITEM div -->\n\t\t\t\t<div class=\"elementor-repeater-item-f777d7c top-border-divider bs-background\">\n\t\t\t\t\t<div class=\"uael-inner uael-inner uael-inner uael-inner\">\n\t\t\t\t\t\t<span class=\"heading-date uael-business-day\">\n\t\t\t\t\t\t\t<span>Donnerstag<\/span>\n\t\t\t\t\t\t<\/span>\n\n\t\t\t\t\t\t<span class=\"heading-time uael-business-time\">\n\t\t\t\t\t\t\t<span class=\"inner-heading-time inner-heading-time inner-heading-time inner-heading-time\">\n\t\t\t\t\t\t\t\t<span>09.00 - 12.00 Uhr 15.00 - 17.00 Uhr<\/span>\n\t\t\t\t\t\t\t<\/span>\n\t\t\t\t\t\t<\/span>\n\t\t\t\t\t<\/div>\n\t\t\t\t<\/div>\n\t\t\t\t\t\t\t\t<!-- CURRENT_ITEM div -->\n\t\t\t\t<div class=\"elementor-repeater-item-0e68a05 top-border-divider bs-background\">\n\t\t\t\t\t<div class=\"uael-inner uael-inner uael-inner uael-inner uael-inner\">\n\t\t\t\t\t\t<span class=\"heading-date uael-business-day\">\n\t\t\t\t\t\t\t<span>Freitag<\/span>\n\t\t\t\t\t\t<\/span>\n\n\t\t\t\t\t\t<span class=\"heading-time uael-business-time\">\n\t\t\t\t\t\t\t<span class=\"inner-heading-time inner-heading-time inner-heading-time inner-heading-time inner-heading-time\">\n\t\t\t\t\t\t\t\t<span>09.00 - 12.00 Uhr<\/span>\n\t\t\t\t\t\t\t<\/span>\n\t\t\t\t\t\t<\/span>\n\t\t\t\t\t<\/div>\n\t\t\t\t<\/div>\n\t\t\t\t\t\t<\/div>\n\t\t<\/div>\n\t\t\t\t\t<\/div>\n\t\t\t\t<\/div>\n\t\t\t\t<\/div>\n\t\t\t\t\t<\/div>\n\t\t\t\t<\/div>\n\t\t\t\t<\/div>\n\t\t","protected":false},"excerpt":{"rendered":"<p>L\u00e4hmung Gesicht &#8211; Fazialisparese Hartn\u00e4ckige Gesichtsl\u00e4hmung erfolgreich behandeln Gesichtsl\u00e4hmungen sind nicht nur kosmetisch entstellend, sie k\u00f6nnen auch auf bedeutsame gesundheitliche<\/p>\n","protected":false},"author":2,"featured_media":0,"parent":293,"menu_order":4,"comment_status":"closed","ping_status":"closed","template":"","meta":{"site-sidebar-layout":"no-sidebar","site-content-layout":"","ast-site-content-layout":"full-width-container","site-content-style":"default","site-sidebar-style":"default","ast-global-header-display":"","ast-banner-title-visibility":"","ast-main-header-display":"","ast-hfb-above-header-display":"","ast-hfb-below-header-display":"","ast-hfb-mobile-header-display":"","site-post-title":"disabled","ast-breadcrumbs-content":"","ast-featured-img":"disabled","footer-sml-layout":"","ast-disable-related-posts":"","theme-transparent-header-meta":"","adv-header-id-meta":"","stick-header-meta":"","header-above-stick-meta":"","header-main-stick-meta":"","header-below-stick-meta":"","astra-migrate-meta-layouts":"default","ast-page-background-enabled":"default","ast-page-background-meta":{"desktop":{"background-color":"var(--ast-global-color-4)","background-image":"","background-repeat":"repeat","background-position":"center center","background-size":"auto","background-attachment":"scroll","background-type":"","background-media":"","overlay-type":"","overlay-color":"","overlay-opacity":"","overlay-gradient":""},"tablet":{"background-color":"","background-image":"","background-repeat":"repeat","background-position":"center center","background-size":"auto","background-attachment":"scroll","background-type":"","background-media":"","overlay-type":"","overlay-color":"","overlay-opacity":"","overlay-gradient":""},"mobile":{"background-color":"","background-image":"","background-repeat":"repeat","background-position":"center center","background-size":"auto","background-attachment":"scroll","background-type":"","background-media":"","overlay-type":"","overlay-color":"","overlay-opacity":"","overlay-gradient":""}},"ast-content-background-meta":{"desktop":{"background-color":"var(--ast-global-color-5)","background-image":"","background-repeat":"repeat","background-position":"center center","background-size":"auto","background-attachment":"scroll","background-type":"","background-media":"","overlay-type":"","overlay-color":"","overlay-opacity":"","overlay-gradient":""},"tablet":{"background-color":"var(--ast-global-color-5)","background-image":"","background-repeat":"repeat","background-position":"center center","background-size":"auto","background-attachment":"scroll","background-type":"","background-media":"","overlay-type":"","overlay-color":"","overlay-opacity":"","overlay-gradient":""},"mobile":{"background-color":"var(--ast-global-color-5)","background-image":"","background-repeat":"repeat","background-position":"center center","background-size":"auto","background-attachment":"scroll","background-type":"","background-media":"","overlay-type":"","overlay-color":"","overlay-opacity":"","overlay-gradient":""}},"footnotes":""},"class_list":["post-396","page","type-page","status-publish","hentry"],"yoast_head":"<!-- This site is optimized with the Yoast SEO plugin v27.5 - https:\/\/yoast.com\/product\/yoast-seo-wordpress\/ -->\n<title>L\u00e4hmung Gesicht - Fazialisparese - Prof. Dr. med. Bruno Baumann<\/title>\n<meta name=\"robots\" content=\"index, follow, max-snippet:-1, max-image-preview:large, max-video-preview:-1\" \/>\n<link rel=\"canonical\" href=\"https:\/\/prof-baumann.de\/index.php\/leistungen\/laehmung-gesicht-fazialisparese\/\" \/>\n<meta property=\"og:locale\" content=\"de_DE\" \/>\n<meta property=\"og:type\" content=\"article\" \/>\n<meta property=\"og:title\" content=\"L\u00e4hmung Gesicht - Fazialisparese - Prof. Dr. med. Bruno Baumann\" \/>\n<meta property=\"og:description\" content=\"L\u00e4hmung Gesicht &#8211; Fazialisparese Hartn\u00e4ckige Gesichtsl\u00e4hmung erfolgreich behandeln Gesichtsl\u00e4hmungen sind nicht nur kosmetisch entstellend, sie k\u00f6nnen auch auf bedeutsame gesundheitliche\" \/>\n<meta property=\"og:url\" content=\"https:\/\/prof-baumann.de\/index.php\/leistungen\/laehmung-gesicht-fazialisparese\/\" \/>\n<meta property=\"og:site_name\" content=\"Prof. Dr. med. Bruno Baumann\" \/>\n<meta property=\"article:modified_time\" content=\"2024-01-22T13:45:06+00:00\" \/>\n<meta property=\"og:image\" content=\"https:\/\/prof-baumann.de\/wp-content\/uploads\/2024\/01\/neurologie-kalkar-bauman-gesichtslaehmung-1024x244.jpg\" \/>\n<meta name=\"twitter:card\" content=\"summary_large_image\" \/>\n<meta name=\"twitter:label1\" content=\"Gesch\u00e4tzte Lesezeit\" \/>\n\t<meta name=\"twitter:data1\" content=\"2\u00a0Minuten\" \/>\n<script type=\"application\/ld+json\" class=\"yoast-schema-graph\">{\"@context\":\"https:\\\/\\\/schema.org\",\"@graph\":[{\"@type\":\"WebPage\",\"@id\":\"https:\\\/\\\/prof-baumann.de\\\/index.php\\\/leistungen\\\/laehmung-gesicht-fazialisparese\\\/\",\"url\":\"https:\\\/\\\/prof-baumann.de\\\/index.php\\\/leistungen\\\/laehmung-gesicht-fazialisparese\\\/\",\"name\":\"L\u00e4hmung Gesicht - Fazialisparese - Prof. Dr. med. Bruno Baumann\",\"isPartOf\":{\"@id\":\"https:\\\/\\\/prof-baumann.de\\\/#website\"},\"primaryImageOfPage\":{\"@id\":\"https:\\\/\\\/prof-baumann.de\\\/index.php\\\/leistungen\\\/laehmung-gesicht-fazialisparese\\\/#primaryimage\"},\"image\":{\"@id\":\"https:\\\/\\\/prof-baumann.de\\\/index.php\\\/leistungen\\\/laehmung-gesicht-fazialisparese\\\/#primaryimage\"},\"thumbnailUrl\":\"https:\\\/\\\/prof-baumann.de\\\/wp-content\\\/uploads\\\/2024\\\/01\\\/neurologie-kalkar-bauman-gesichtslaehmung-1024x244.jpg\",\"datePublished\":\"2024-01-22T13:43:57+00:00\",\"dateModified\":\"2024-01-22T13:45:06+00:00\",\"breadcrumb\":{\"@id\":\"https:\\\/\\\/prof-baumann.de\\\/index.php\\\/leistungen\\\/laehmung-gesicht-fazialisparese\\\/#breadcrumb\"},\"inLanguage\":\"de\",\"potentialAction\":[{\"@type\":\"ReadAction\",\"target\":[\"https:\\\/\\\/prof-baumann.de\\\/index.php\\\/leistungen\\\/laehmung-gesicht-fazialisparese\\\/\"]}]},{\"@type\":\"ImageObject\",\"inLanguage\":\"de\",\"@id\":\"https:\\\/\\\/prof-baumann.de\\\/index.php\\\/leistungen\\\/laehmung-gesicht-fazialisparese\\\/#primaryimage\",\"url\":\"https:\\\/\\\/prof-baumann.de\\\/wp-content\\\/uploads\\\/2024\\\/01\\\/neurologie-kalkar-bauman-gesichtslaehmung.jpg\",\"contentUrl\":\"https:\\\/\\\/prof-baumann.de\\\/wp-content\\\/uploads\\\/2024\\\/01\\\/neurologie-kalkar-bauman-gesichtslaehmung.jpg\",\"width\":1140,\"height\":272},{\"@type\":\"BreadcrumbList\",\"@id\":\"https:\\\/\\\/prof-baumann.de\\\/index.php\\\/leistungen\\\/laehmung-gesicht-fazialisparese\\\/#breadcrumb\",\"itemListElement\":[{\"@type\":\"ListItem\",\"position\":1,\"name\":\"Startseite\",\"item\":\"https:\\\/\\\/prof-baumann.de\\\/\"},{\"@type\":\"ListItem\",\"position\":2,\"name\":\"Leistungen\",\"item\":\"https:\\\/\\\/prof-baumann.de\\\/index.php\\\/leistungen\\\/\"},{\"@type\":\"ListItem\",\"position\":3,\"name\":\"L\u00e4hmung Gesicht &#8211; Fazialisparese\"}]},{\"@type\":\"WebSite\",\"@id\":\"https:\\\/\\\/prof-baumann.de\\\/#website\",\"url\":\"https:\\\/\\\/prof-baumann.de\\\/\",\"name\":\"Prof. Dr. med. Bruno Baumann\",\"description\":\"\",\"potentialAction\":[{\"@type\":\"SearchAction\",\"target\":{\"@type\":\"EntryPoint\",\"urlTemplate\":\"https:\\\/\\\/prof-baumann.de\\\/?s={search_term_string}\"},\"query-input\":{\"@type\":\"PropertyValueSpecification\",\"valueRequired\":true,\"valueName\":\"search_term_string\"}}],\"inLanguage\":\"de\"}]}<\/script>\n<!-- \/ Yoast SEO plugin. -->","yoast_head_json":{"title":"L\u00e4hmung Gesicht - Fazialisparese - Prof. Dr. med. Bruno Baumann","robots":{"index":"index","follow":"follow","max-snippet":"max-snippet:-1","max-image-preview":"max-image-preview:large","max-video-preview":"max-video-preview:-1"},"canonical":"https:\/\/prof-baumann.de\/index.php\/leistungen\/laehmung-gesicht-fazialisparese\/","og_locale":"de_DE","og_type":"article","og_title":"L\u00e4hmung Gesicht - Fazialisparese - Prof. Dr. med. Bruno Baumann","og_description":"L\u00e4hmung Gesicht &#8211; Fazialisparese Hartn\u00e4ckige Gesichtsl\u00e4hmung erfolgreich behandeln Gesichtsl\u00e4hmungen sind nicht nur kosmetisch entstellend, sie k\u00f6nnen auch auf bedeutsame gesundheitliche","og_url":"https:\/\/prof-baumann.de\/index.php\/leistungen\/laehmung-gesicht-fazialisparese\/","og_site_name":"Prof. Dr. med. Bruno Baumann","article_modified_time":"2024-01-22T13:45:06+00:00","og_image":[{"url":"https:\/\/prof-baumann.de\/wp-content\/uploads\/2024\/01\/neurologie-kalkar-bauman-gesichtslaehmung-1024x244.jpg","type":"","width":"","height":""}],"twitter_card":"summary_large_image","twitter_misc":{"Gesch\u00e4tzte Lesezeit":"2\u00a0Minuten"},"schema":{"@context":"https:\/\/schema.org","@graph":[{"@type":"WebPage","@id":"https:\/\/prof-baumann.de\/index.php\/leistungen\/laehmung-gesicht-fazialisparese\/","url":"https:\/\/prof-baumann.de\/index.php\/leistungen\/laehmung-gesicht-fazialisparese\/","name":"L\u00e4hmung Gesicht - Fazialisparese - Prof. Dr. med. Bruno Baumann","isPartOf":{"@id":"https:\/\/prof-baumann.de\/#website"},"primaryImageOfPage":{"@id":"https:\/\/prof-baumann.de\/index.php\/leistungen\/laehmung-gesicht-fazialisparese\/#primaryimage"},"image":{"@id":"https:\/\/prof-baumann.de\/index.php\/leistungen\/laehmung-gesicht-fazialisparese\/#primaryimage"},"thumbnailUrl":"https:\/\/prof-baumann.de\/wp-content\/uploads\/2024\/01\/neurologie-kalkar-bauman-gesichtslaehmung-1024x244.jpg","datePublished":"2024-01-22T13:43:57+00:00","dateModified":"2024-01-22T13:45:06+00:00","breadcrumb":{"@id":"https:\/\/prof-baumann.de\/index.php\/leistungen\/laehmung-gesicht-fazialisparese\/#breadcrumb"},"inLanguage":"de","potentialAction":[{"@type":"ReadAction","target":["https:\/\/prof-baumann.de\/index.php\/leistungen\/laehmung-gesicht-fazialisparese\/"]}]},{"@type":"ImageObject","inLanguage":"de","@id":"https:\/\/prof-baumann.de\/index.php\/leistungen\/laehmung-gesicht-fazialisparese\/#primaryimage","url":"https:\/\/prof-baumann.de\/wp-content\/uploads\/2024\/01\/neurologie-kalkar-bauman-gesichtslaehmung.jpg","contentUrl":"https:\/\/prof-baumann.de\/wp-content\/uploads\/2024\/01\/neurologie-kalkar-bauman-gesichtslaehmung.jpg","width":1140,"height":272},{"@type":"BreadcrumbList","@id":"https:\/\/prof-baumann.de\/index.php\/leistungen\/laehmung-gesicht-fazialisparese\/#breadcrumb","itemListElement":[{"@type":"ListItem","position":1,"name":"Startseite","item":"https:\/\/prof-baumann.de\/"},{"@type":"ListItem","position":2,"name":"Leistungen","item":"https:\/\/prof-baumann.de\/index.php\/leistungen\/"},{"@type":"ListItem","position":3,"name":"L\u00e4hmung Gesicht &#8211; Fazialisparese"}]},{"@type":"WebSite","@id":"https:\/\/prof-baumann.de\/#website","url":"https:\/\/prof-baumann.de\/","name":"Prof. Dr. med. Bruno Baumann","description":"","potentialAction":[{"@type":"SearchAction","target":{"@type":"EntryPoint","urlTemplate":"https:\/\/prof-baumann.de\/?s={search_term_string}"},"query-input":{"@type":"PropertyValueSpecification","valueRequired":true,"valueName":"search_term_string"}}],"inLanguage":"de"}]}},"_links":{"self":[{"href":"https:\/\/prof-baumann.de\/index.php\/wp-json\/wp\/v2\/pages\/396","targetHints":{"allow":["GET"]}}],"collection":[{"href":"https:\/\/prof-baumann.de\/index.php\/wp-json\/wp\/v2\/pages"}],"about":[{"href":"https:\/\/prof-baumann.de\/index.php\/wp-json\/wp\/v2\/types\/page"}],"author":[{"embeddable":true,"href":"https:\/\/prof-baumann.de\/index.php\/wp-json\/wp\/v2\/users\/2"}],"replies":[{"embeddable":true,"href":"https:\/\/prof-baumann.de\/index.php\/wp-json\/wp\/v2\/comments?post=396"}],"version-history":[{"count":10,"href":"https:\/\/prof-baumann.de\/index.php\/wp-json\/wp\/v2\/pages\/396\/revisions"}],"predecessor-version":[{"id":407,"href":"https:\/\/prof-baumann.de\/index.php\/wp-json\/wp\/v2\/pages\/396\/revisions\/407"}],"up":[{"embeddable":true,"href":"https:\/\/prof-baumann.de\/index.php\/wp-json\/wp\/v2\/pages\/293"}],"wp:attachment":[{"href":"https:\/\/prof-baumann.de\/index.php\/wp-json\/wp\/v2\/media?parent=396"}],"curies":[{"name":"wp","href":"https:\/\/api.w.org\/{rel}","templated":true}]}}